{"id":2206,"date":"2016-10-13T16:52:22","date_gmt":"2016-10-13T16:52:22","guid":{"rendered":"http:\/\/www.roidesnoix.com\/fr\/?page_id=2206"},"modified":"2016-11-09T23:07:49","modified_gmt":"2016-11-09T23:07:49","slug":"notre-magasin","status":"publish","type":"page","link":"https:\/\/www.roidesnoix.com\/fr\/notre-magasin\/","title":{"rendered":"Notre Magasin"},"content":{"rendered":"<div class=\"wpb-content-wrapper\"><p>[vc_row type=\u00a0\u00bbvc_default\u00a0\u00bb equal_height=\u00a0\u00bbyes\u00a0\u00bb enable_overlay=\u00a0\u00bbenable_overlay_value\u00a0\u00bb overlay_color=\u00a0\u00bbrgba(17,17,17,0.65)\u00a0\u00bb css=\u00a0\u00bb.vc_custom_1469468423987{padding-bottom: 60px !important;}\u00a0\u00bb][vc_column css=\u00a0\u00bb.vc_custom_1469353742723{padding-top: 30px !important;padding-right: 60px !important;padding-bottom: 30px !important;padding-left: 60px !important;background-color: #ffffff !important;}\u00a0\u00bb offset=\u00a0\u00bbvc_col-xs-12&Prime;][vc_row_inner css=\u00a0\u00bb.vc_custom_1469450473965{margin-top: 30px !important;padding-top: 20px !important;padding-right: 20px !important;padding-bottom: 20px !important;padding-left: 20px !important;background-color: #f4f4f4 !important;}\u00a0\u00bb][vc_column_inner width=\u00a0\u00bb1\/2&Prime; css=\u00a0\u00bb.vc_custom_1469450463495{padding-top: 20px !important;padding-right: 20px !important;padding-bottom: 20px !important;padding-left: 20px !important;}\u00a0\u00bb][vc_single_image image=\u00a0\u00bb2111&Prime; img_size=\u00a0\u00bbfull\u00a0\u00bb][\/vc_column_inner][vc_column_inner width=\u00a0\u00bb1\/2&Prime; css=\u00a0\u00bb.vc_custom_1469450454372{padding-top: 20px !important;padding-right: 20px !important;padding-bottom: 20px !important;padding-left: 20px !important;}\u00a0\u00bb]<div id=\"ultimate-heading-452069ef451a92af5\" class=\"uvc-heading ult-adjust-bottom-margin ultimate-heading-452069ef451a92af5 uvc-8640 \" data-hspacer=\"no_spacer\"  data-halign=\"left\" style=\"text-align:left\"><div class=\"uvc-heading-spacer no_spacer\" style=\"top\"><\/div><div class=\"uvc-main-heading ult-responsive\"  data-ultimate-target='.uvc-heading.ultimate-heading-452069ef451a92af5 h2'  data-responsive-json-new='{\"font-size\":\"desktop:40px;\",\"line-height\":\"desktop:45px;\"}' ><h2 style=\"font-family:&#039;Great Vibes&#039;;--font-weight:theme;color:#c5ab6b;\">Notre magasin<\/h2><\/div><div class=\"uvc-sub-heading ult-responsive\"  data-ultimate-target='.uvc-heading.ultimate-heading-452069ef451a92af5 .uvc-sub-heading '  data-responsive-json-new='{\"font-size\":\"desktop:28px;\",\"line-height\":\"desktop:40px;\"}'  style=\"font-family:&#039;Poppins&#039;;font-weight:normal;color:#303030;\"><\/p>\n<p style=\"text-align: left; font-size: 26px !important;\">UNIQUE<\/p>\n<p><\/div><\/div>[vc_column_text css=\u00a0\u00bb.vc_custom_1478732753585{padding-top: 9px !important;padding-bottom: 35px !important;}\u00a0\u00bb]Notre magasin est situ\u00e9 au 9050 rue Charles de la Tour, \u00e0 Montr\u00e9al, Nous nous sommes assur\u00e9s d\u2019avoir un stationnement sur le c\u00f4t\u00e9 \u00e0 la disposition de nos clients.<\/p>\n<p>Une fois entr\u00e9 dans notre magasin, la premi\u00e8re chose que vous remarquerez est la grande quantit\u00e9 de stations de noix et de fruits s\u00e9ch\u00e9s. Chaque station est dot\u00e9e d\u2019une description d\u00e9taill\u00e9e du produit et d\u2019une pelle qui permet \u00e0 nos clients de r\u00e9colter des noix, des graines ou des fruits s\u00e9ch\u00e9s.[\/vc_column_text][\/vc_column_inner][\/vc_row_inner][vc_row_inner css=\u00a0\u00bb.vc_custom_1469450473965{margin-top: 30px !important;padding-top: 20px !important;padding-right: 20px !important;padding-bottom: 20px !important;padding-left: 20px !important;background-color: #f4f4f4 !important;}\u00a0\u00bb][vc_column_inner width=\u00a0\u00bb1\/2&Prime; css=\u00a0\u00bb.vc_custom_1469450463495{padding-top: 20px !important;padding-right: 20px !important;padding-bottom: 20px !important;padding-left: 20px !important;}\u00a0\u00bb][vc_single_image image=\u00a0\u00bb2109&Prime; img_size=\u00a0\u00bbfull\u00a0\u00bb][\/vc_column_inner][vc_column_inner width=\u00a0\u00bb1\/2&Prime; css=\u00a0\u00bb.vc_custom_1469450454372{padding-top: 20px !important;padding-right: 20px !important;padding-bottom: 20px !important;padding-left: 20px !important;}\u00a0\u00bb]<div id=\"ultimate-heading-695469ef451a92c25\" class=\"uvc-heading ult-adjust-bottom-margin ultimate-heading-695469ef451a92c25 uvc-6859 \" data-hspacer=\"no_spacer\"  data-halign=\"left\" style=\"text-align:left\"><div class=\"uvc-heading-spacer no_spacer\" style=\"top\"><\/div><div class=\"uvc-main-heading ult-responsive\"  data-ultimate-target='.uvc-heading.ultimate-heading-695469ef451a92c25 h2'  data-responsive-json-new='{\"font-size\":\"desktop:40px;\",\"line-height\":\"desktop:45px;\"}' ><h2 style=\"font-family:&#039;Great Vibes&#039;;--font-weight:theme;color:#c5ab6b;\">M\u00e9thode<\/h2><\/div><div class=\"uvc-sub-heading ult-responsive\"  data-ultimate-target='.uvc-heading.ultimate-heading-695469ef451a92c25 .uvc-sub-heading '  data-responsive-json-new='{\"font-size\":\"desktop:27px;\",\"line-height\":\"desktop:40px;\"}'  style=\"font-family:&#039;Poppins&#039;;font-weight:normal;color:#303030;\"><\/p>\n<p style=\"text-align: left; font-size: 26px !important;\">LIBRE-SERVICE<\/p>\n<p><\/div><\/div>[vc_column_text css=\u00a0\u00bb.vc_custom_1476376908973{padding-top: 9px !important;padding-bottom: 35px !important;}\u00a0\u00bb]Nous croyons que nos clients devraient avoir le choix en ce qui a trait \u00e0 la quantit\u00e9 et au produit qu\u2019ils d\u00e9sirent.<\/p>\n<p>C\u2019est pourquoi nous avons d\u00e9cid\u00e9 d\u2019offrir tous nos produits en libre-service.<\/p>\n<p>Nous d\u00e9sirons que nos clients sachent exactement ce qu\u2019ils ach\u00e8tent au lieu d\u2019avoir \u00e0 acheter quelque chose qui soit d\u00e9j\u00e0 emball\u00e9.<\/p>\n<p>Ceci d\u00e9montre d\u2019autant plus notre confiance en notre produit puisque nous n\u2019avons rien \u00e0 cacher.[\/vc_column_text][\/vc_column_inner][\/vc_row_inner][vc_row_inner css=\u00a0\u00bb.vc_custom_1469450516812{margin-top: 30px !important;padding-top: 20px !important;padding-right: 20px !important;padding-bottom: 20px !important;padding-left: 20px !important;background-color: #f4f4f4 !important;}\u00a0\u00bb][vc_column_inner width=\u00a0\u00bb1\/2&Prime; css=\u00a0\u00bb.vc_custom_1469450499754{padding-top: 20px !important;padding-right: 20px !important;padding-bottom: 20px !important;padding-left: 20px !important;}\u00a0\u00bb][vc_single_image image=\u00a0\u00bb2110&Prime; img_size=\u00a0\u00bbfull\u00a0\u00bb][\/vc_column_inner][vc_column_inner width=\u00a0\u00bb1\/2&Prime; css=\u00a0\u00bb.vc_custom_1469450508262{padding-top: 20px !important;padding-right: 20px !important;padding-bottom: 20px !important;padding-left: 20px !important;}\u00a0\u00bb]<div id=\"ultimate-heading-94669ef451a92cdf\" class=\"uvc-heading ult-adjust-bottom-margin ultimate-heading-94669ef451a92cdf uvc-1205 \" data-hspacer=\"no_spacer\"  data-halign=\"left\" style=\"text-align:left\"><div class=\"uvc-heading-spacer no_spacer\" style=\"top\"><\/div><div class=\"uvc-main-heading ult-responsive\"  data-ultimate-target='.uvc-heading.ultimate-heading-94669ef451a92cdf h2'  data-responsive-json-new='{\"font-size\":\"desktop:40px;\",\"line-height\":\"desktop:45px;\"}' ><h2 style=\"font-family:&#039;Great Vibes&#039;;--font-weight:theme;color:#c5ab6b;\">Paniers-cadeaux personnalis\u00e9s<\/h2><\/div><div class=\"uvc-sub-heading ult-responsive\"  data-ultimate-target='.uvc-heading.ultimate-heading-94669ef451a92cdf .uvc-sub-heading '  data-responsive-json-new='{\"font-size\":\"desktop:28px;\",\"line-height\":\"desktop:40px;\"}'  style=\"font-family:&#039;Poppins&#039;;font-weight:normal;color:#303030;\"><\/p>\n<p style=\"text-align: left; font-size: 26px !important;\">ET AUTRES ARRANGEMENTS<\/p>\n<p><\/div><\/div>[vc_column_text css=\u00a0\u00bb.vc_custom_1476377103493{padding-top: 9px !important;padding-bottom: 35px !important;}\u00a0\u00bb]Que ce soit pour un anniversaire ou simplement pour un cadeau, \u00e0 Roi des Noix, nous offrons des paniers-cadeaux personnalis\u00e9s ainsi que d\u2019autres arrangements.<\/p>\n<p>Notre pr\u00e9sentation est effectu\u00e9e avec soin et le r\u00e9sultat final est toujours une r\u00e9elle \u0153uvre d\u2019art.<\/p>\n<p>Id\u00e9als pour les f\u00eates, les r\u00e9unions et les cadeaux, nos paniers-cadeaux personnalis\u00e9s et arrangements impressionneront n\u2019importe qui.<\/p>\n<p>Nous voulons que nos noix d\u00e9licieuses soient pr\u00e9sent\u00e9es dans de beaux paniers car c\u2019est ce qu\u2019elles m\u00e9ritent.[\/vc_column_text][\/vc_column_inner][\/vc_row_inner][vc_row_inner css=\u00a0\u00bb.vc_custom_1469450516812{margin-top: 30px !important;padding-top: 20px !important;padding-right: 20px !important;padding-bottom: 20px !important;padding-left: 20px !important;background-color: #f4f4f4 !important;}\u00a0\u00bb][vc_column_inner width=\u00a0\u00bb1\/2&Prime; css=\u00a0\u00bb.vc_custom_1469450499754{padding-top: 20px !important;padding-right: 20px !important;padding-bottom: 20px !important;padding-left: 20px !important;}\u00a0\u00bb][vc_single_image image=\u00a0\u00bb2116&Prime; img_size=\u00a0\u00bbfull\u00a0\u00bb][\/vc_column_inner][vc_column_inner width=\u00a0\u00bb1\/2&Prime; css=\u00a0\u00bb.vc_custom_1469450508262{padding-top: 20px !important;padding-right: 20px !important;padding-bottom: 20px !important;padding-left: 20px !important;}\u00a0\u00bb]<div id=\"ultimate-heading-448669ef451a92d81\" class=\"uvc-heading ult-adjust-bottom-margin ultimate-heading-448669ef451a92d81 uvc-1129 \" data-hspacer=\"no_spacer\"  data-halign=\"left\" style=\"text-align:left\"><div class=\"uvc-heading-spacer no_spacer\" style=\"top\"><\/div><div class=\"uvc-main-heading ult-responsive\"  data-ultimate-target='.uvc-heading.ultimate-heading-448669ef451a92d81 h2'  data-responsive-json-new='{\"font-size\":\"desktop:40px;\",\"line-height\":\"desktop:45px;\"}' ><h2 style=\"font-family:&#039;Great Vibes&#039;;--font-weight:theme;color:#c5ab6b;\">Commandes personnalis\u00e9es<\/h2><\/div><div class=\"uvc-sub-heading ult-responsive\"  data-ultimate-target='.uvc-heading.ultimate-heading-448669ef451a92d81 .uvc-sub-heading '  data-responsive-json-new='{\"font-size\":\"desktop:27px;\",\"line-height\":\"desktop:40px;\"}'  style=\"font-family:&#039;Poppins&#039;;font-weight:normal;color:#303030;\"><\/p>\n<p style=\"text-align: left; font-size: 26px !important;\">PR\u00c9PARATION<\/p>\n<p><\/div><\/div>[vc_column_text css=\u00a0\u00bb.vc_custom_1478732863583{padding-top: 9px !important;padding-bottom: 35px !important;}\u00a0\u00bb]Vous d\u00e9sirez avoir des noix de cajou avec des amandes enrob\u00e9es de chocolat noir et des abricots s\u00e9ch\u00e9s? Pas de probl\u00e8me!<\/p>\n<p>Ici, \u00e0 Roi des Noix, nous offrons la pr\u00e9paration de commandes personnalis\u00e9es.<\/p>\n<p>Tout ce que vous devez faire est d\u2019indiquer au commis exactement ce que vous d\u00e9sirez dans votre commande.<\/p>\n<p>Vous pouvez d\u2019autant plus appeler et recueillir votre commande quand vous le d\u00e9sirez. En ayant cette option, vous pourrez demander la pr\u00e9paration de votre commande en avance et la recueillir lorsque cela vous conviendra.[\/vc_column_text][\/vc_column_inner][\/vc_row_inner][\/vc_column][\/vc_row][vc_row type=\u00a0\u00bbvc_default\u00a0\u00bb full_width=\u00a0\u00bbstretch_row\u00a0\u00bb css=\u00a0\u00bb.vc_custom_1469303133510{margin-bottom: -50px !important;padding-top: 80px !important;padding-bottom: 50px !important;background-color: #131313 !important;}\u00a0\u00bb][vc_column offset=\u00a0\u00bbvc_col-lg-offset-1 vc_col-lg-10 vc_col-md-offset-1 vc_col-md-10 vc_col-sm-offset-0&Prime; css=\u00a0\u00bb.vc_custom_1461332951646{padding-top: 10px !important;padding-bottom: 25px !important;}\u00a0\u00bb][vc_row_inner][vc_column_inner width=\u00a0\u00bb1\/3&Prime; css=\u00a0\u00bb.vc_custom_1461332837092{padding-bottom: 40px !important;}\u00a0\u00bb]<div id=\"ultimate-heading-187369ef451a92e36\" class=\"uvc-heading ult-adjust-bottom-margin ultimate-heading-187369ef451a92e36 uvc-6869 \" data-hspacer=\"no_spacer\"  data-halign=\"center\" style=\"text-align:center\"><div class=\"uvc-heading-spacer no_spacer\" style=\"top\"><\/div><div class=\"uvc-sub-heading ult-responsive\"  data-ultimate-target='.uvc-heading.ultimate-heading-187369ef451a92e36 .uvc-sub-heading '  data-responsive-json-new='{\"font-size\":\"desktop:15px;\",\"line-height\":\"desktop:22px;\"}'  style=\"font-family:&#039;Poppins&#039;;font-weight:normal;font-style:normal;color:#a0a0a0;\"><\/p>\n<p style=\"text-align: center;\">9050 Rue Charles de la Tour, Montr\u00e9al, QC H4N 1M2<\/p>\n<p><\/div><\/div>[\/vc_column_inner][vc_column_inner width=\u00a0\u00bb1\/3&Prime; css=\u00a0\u00bb.vc_custom_1461332842664{padding-bottom: 40px !important;}\u00a0\u00bb]<div id=\"ultimate-heading-281969ef451a92eb2\" class=\"uvc-heading ult-adjust-bottom-margin ultimate-heading-281969ef451a92eb2 uvc-3616 \" data-hspacer=\"no_spacer\"  data-halign=\"center\" style=\"text-align:center\"><div class=\"uvc-heading-spacer no_spacer\" style=\"top\"><\/div><div class=\"uvc-sub-heading ult-responsive\"  data-ultimate-target='.uvc-heading.ultimate-heading-281969ef451a92eb2 .uvc-sub-heading '  data-responsive-json-new='{\"font-size\":\"desktop:15px;\",\"line-height\":\"desktop:22px;\"}'  style=\"font-family:&#039;Poppins&#039;;font-weight:normal;font-style:normal;color:#a0a0a0;\"><\/p>\n<p style=\"text-align: center;\">Lun-Mer: 9:00 AM &#8211; 6:00 PM<\/p>\n<p style=\"text-align: center;\">Jeu-Ven: 9:00 AM &#8211; 9:00 PM<\/p>\n<p style=\"text-align: center;\">Samedi: 9:00 AM &#8211; 5:30 PM<\/p>\n<p style=\"text-align: center;\">Dimanche: 10:30 AM &#8211; 5:00 PM<\/p>\n<p><\/div><\/div>[\/vc_column_inner][vc_column_inner width=\u00a0\u00bb1\/3&Prime; css=\u00a0\u00bb.vc_custom_1461332847822{padding-bottom: 40px !important;}\u00a0\u00bb]<div id=\"ultimate-heading-797569ef451a92f29\" class=\"uvc-heading ult-adjust-bottom-margin ultimate-heading-797569ef451a92f29 uvc-6084 \" data-hspacer=\"no_spacer\"  data-halign=\"center\" style=\"text-align:center\"><div class=\"uvc-heading-spacer no_spacer\" style=\"top\"><\/div><div class=\"uvc-sub-heading ult-responsive\"  data-ultimate-target='.uvc-heading.ultimate-heading-797569ef451a92f29 .uvc-sub-heading '  data-responsive-json-new='{\"font-size\":\"desktop:15px;\",\"line-height\":\"desktop:22px;\"}'  style=\"font-family:&#039;Poppins&#039;;font-weight:normal;font-style:normal;color:#a0a0a0;\"><\/p>\n<p style=\"text-align: center;\">Num\u00e9ro\u00a0de\u00a0t\u00e9l\u00e9phone:<\/p>\n<p style=\"text-align: center;\">(514)\u00a0388 &#8211; 0066<\/p>\n<p><\/div><\/div>[\/vc_column_inner][\/vc_row_inner][\/vc_column][vc_column css=\u00a0\u00bb.vc_custom_1474844920859{padding-bottom: 0px !important;}\u00a0\u00bb]<div class=\" uavc-icons-center uavc-icons \">\n<a class=\"aio-tooltip 69ef451a93113\" href=\"https:\/\/m.facebook.com\/roidesnoix\"  data-toggle=\"tooltip\" data-placement=\"\" title=\"\"><div class=\"aio-icon circle \" data-animation=\"\" data-animation-delay=\"03\" style=\"color:#131313;background:#f7f7f7;font-size:18px;margin-right:5px;\">\n\t<i class=\"Defaults-facebook facebook-f\"><\/i>\n<\/div><\/a>\n<a class=\"aio-tooltip 69ef451a9319c\" href=\"https:\/\/plus.google.com\/+Roidesnoixpremiumnuts\"  data-toggle=\"tooltip\" data-placement=\"\" title=\"\"><div class=\"aio-icon circle \" data-animation=\"\" data-animation-delay=\"03\" style=\"color:#131313;background:#f7f7f7;font-size:18px;margin-right:5px;\">\n\t<i class=\"Defaults-google-plus\"><\/i>\n<\/div><\/a>\n<a class=\"aio-tooltip 69ef451a931e8\" href=\"https:\/\/www.instagram.com\/roidesnoix\"  data-toggle=\"tooltip\" data-placement=\"\" title=\"\"><div class=\"aio-icon circle \" data-animation=\"\" data-animation-delay=\"03\" style=\"color:#131313;background:#f7f7f7;font-size:18px;margin-right:5px;\">\n\t<i class=\"Defaults-instagram\"><\/i>\n<\/div><\/a><\/div>[\/vc_column][vc_column css=\u00a0\u00bb.vc_custom_1474844953202{padding-top: 10px !important;padding-bottom: 0px !important;}\u00a0\u00bb]<div id=\"ultimate-heading-700569ef451a93267\" class=\"uvc-heading ult-adjust-bottom-margin ultimate-heading-700569ef451a93267 uvc-5604 \" data-hspacer=\"no_spacer\"  data-halign=\"center\" style=\"text-align:center\"><div class=\"uvc-heading-spacer no_spacer\" style=\"top\"><\/div><div class=\"uvc-sub-heading ult-responsive\"  data-ultimate-target='.uvc-heading.ultimate-heading-700569ef451a93267 .uvc-sub-heading '  data-responsive-json-new='{\"font-size\":\"desktop:15px;\",\"line-height\":\"desktop:22px;\"}'  style=\"font-family:&#039;Poppins&#039;;font-weight:normal;font-style:normal;color:#a0a0a0;\">Website Design &amp; Development By: www.skybluetheory.com \u00a92016 \u2013 All rights reserved.<\/div><\/div>[\/vc_column][\/vc_row]<\/p>\n<\/div>","protected":false},"excerpt":{"rendered":"<p>[vc_row type=\u00a0\u00bbvc_default\u00a0\u00bb equal_height=\u00a0\u00bbyes\u00a0\u00bb enable_overlay=\u00a0\u00bbenable_overlay_value\u00a0\u00bb overlay_color=\u00a0\u00bbrgba(17,17,17,0.65)\u00a0\u00bb css=\u00a0\u00bb.vc_custom_1469468423987{padding-bottom: 60px !important;}\u00a0\u00bb][vc_column css=\u00a0\u00bb.vc_custom_1469353742723{padding-top: 30px !important;padding-right: 60px !important;padding-bottom: 30px !important;padding-left: 60px !important;background-color: #ffffff !important;}\u00a0\u00bb offset=\u00a0\u00bbvc_col-xs-12&Prime;][vc_row_inner css=\u00a0\u00bb.vc_custom_1469450473965{margin-top: 30px !important;padding-top: 20px !important;padding-right: 20px !important;padding-bottom: 20px !important;padding-left: 20px !important;background-color: #f4f4f4 !important;}\u00a0\u00bb][vc_column_inner width=\u00a0\u00bb1\/2&Prime; css=\u00a0\u00bb.vc_custom_1469450463495{padding-top: 20px !important;padding-right: 20px !important;padding-bottom: 20px !important;padding-left: 20px !important;}\u00a0\u00bb][vc_single_image image=\u00a0\u00bb2111&Prime; img_size=\u00a0\u00bbfull\u00a0\u00bb][\/vc_column_inner][vc_column_inner width=\u00a0\u00bb1\/2&Prime; css=\u00a0\u00bb.vc_custom_1469450454372{padding-top: 20px !important;padding-right: 20px !important;padding-bottom: 20px !important;padding-left: 20px !important;}\u00a0\u00bb][vc_column_text&hellip;<\/p>\n","protected":false},"author":1,"featured_media":0,"parent":0,"menu_order":3,"comment_status":"closed","ping_status":"closed","template":"","meta":{"footnotes":""},"class_list":["post-2206","page","type-page","status-publish","hentry","description-off"],"yoast_head":"<!-- This site is optimized with the Yoast SEO plugin v27.4 - https:\/\/yoast.com\/product\/yoast-seo-wordpress\/ -->\n<title>Notre Magasin<\/title>\n<meta name=\"description\" content=\"Notre magasin est situ\u00e9 au 9050 rue Charles de la Tour, \u00e0 Montr\u00e9al, Nous nous sommes assur\u00e9s d\u2019avoir un stationnement sur le c\u00f4t\u00e9 \u00e0 la disposition de nos\" \/>\n<meta name=\"robots\" content=\"index, follow, max-snippet:-1, max-image-preview:large, max-video-preview:-1\" \/>\n<link rel=\"canonical\" href=\"https:\/\/www.roidesnoix.com\/fr\/notre-magasin\/\" \/>\n<meta property=\"og:locale\" content=\"fr_FR\" \/>\n<meta property=\"og:type\" content=\"article\" \/>\n<meta property=\"og:title\" content=\"Notre Magasin\" \/>\n<meta property=\"og:description\" content=\"Notre magasin est situ\u00e9 au 9050 rue Charles de la Tour, \u00e0 Montr\u00e9al, Nous nous sommes assur\u00e9s d\u2019avoir un stationnement sur le c\u00f4t\u00e9 \u00e0 la disposition de nos\" \/>\n<meta property=\"og:url\" content=\"https:\/\/www.roidesnoix.com\/fr\/notre-magasin\/\" \/>\n<meta property=\"og:site_name\" content=\"Roi des Noix | Fresh Healthy Nuts\" \/>\n<meta property=\"article:modified_time\" content=\"2016-11-09T23:07:49+00:00\" \/>\n<meta name=\"twitter:card\" content=\"summary_large_image\" \/>\n<meta name=\"twitter:label1\" content=\"Dur\u00e9e de lecture estim\u00e9e\" \/>\n\t<meta name=\"twitter:data1\" content=\"8 minutes\" \/>\n<script type=\"application\/ld+json\" class=\"yoast-schema-graph\">{\"@context\":\"https:\\\/\\\/schema.org\",\"@graph\":[{\"@type\":\"WebPage\",\"@id\":\"https:\\\/\\\/www.roidesnoix.com\\\/fr\\\/notre-magasin\\\/\",\"url\":\"https:\\\/\\\/www.roidesnoix.com\\\/fr\\\/notre-magasin\\\/\",\"name\":\"Notre Magasin\",\"isPartOf\":{\"@id\":\"http:\\\/\\\/www.roidesnoix.com\\\/en\\\/#website\"},\"datePublished\":\"2016-10-13T16:52:22+00:00\",\"dateModified\":\"2016-11-09T23:07:49+00:00\",\"description\":\"Notre magasin est situ\u00e9 au 9050 rue Charles de la Tour, \u00e0 Montr\u00e9al, Nous nous sommes assur\u00e9s d\u2019avoir un stationnement sur le c\u00f4t\u00e9 \u00e0 la disposition de nos\",\"breadcrumb\":{\"@id\":\"https:\\\/\\\/www.roidesnoix.com\\\/fr\\\/notre-magasin\\\/#breadcrumb\"},\"inLanguage\":\"fr-FR\",\"potentialAction\":[{\"@type\":\"ReadAction\",\"target\":[\"https:\\\/\\\/www.roidesnoix.com\\\/fr\\\/notre-magasin\\\/\"]}]},{\"@type\":\"BreadcrumbList\",\"@id\":\"https:\\\/\\\/www.roidesnoix.com\\\/fr\\\/notre-magasin\\\/#breadcrumb\",\"itemListElement\":[{\"@type\":\"ListItem\",\"position\":1,\"name\":\"Home\",\"item\":\"http:\\\/\\\/www.roidesnoix.com\\\/fr\\\/\"},{\"@type\":\"ListItem\",\"position\":2,\"name\":\"Notre Magasin\"}]},{\"@type\":\"WebSite\",\"@id\":\"http:\\\/\\\/www.roidesnoix.com\\\/en\\\/#website\",\"url\":\"http:\\\/\\\/www.roidesnoix.com\\\/en\\\/\",\"name\":\"Roi des Noix | Fresh Healthy Nuts\",\"description\":\"Montreal&#039;s Premium Roasting Factory\",\"publisher\":{\"@id\":\"http:\\\/\\\/www.roidesnoix.com\\\/en\\\/#organization\"},\"potentialAction\":[{\"@type\":\"SearchAction\",\"target\":{\"@type\":\"EntryPoint\",\"urlTemplate\":\"http:\\\/\\\/www.roidesnoix.com\\\/en\\\/?s={search_term_string}\"},\"query-input\":{\"@type\":\"PropertyValueSpecification\",\"valueRequired\":true,\"valueName\":\"search_term_string\"}}],\"inLanguage\":\"fr-FR\"},{\"@type\":\"Organization\",\"@id\":\"http:\\\/\\\/www.roidesnoix.com\\\/en\\\/#organization\",\"name\":\"Roi Des Noix\",\"url\":\"http:\\\/\\\/www.roidesnoix.com\\\/en\\\/\",\"logo\":{\"@type\":\"ImageObject\",\"inLanguage\":\"fr-FR\",\"@id\":\"http:\\\/\\\/www.roidesnoix.com\\\/en\\\/#\\\/schema\\\/logo\\\/image\\\/\",\"url\":\"https:\\\/\\\/www.roidesnoix.com\\\/wp-content\\\/uploads\\\/2015\\\/07\\\/roi-des-noix-logo-6.png\",\"contentUrl\":\"https:\\\/\\\/www.roidesnoix.com\\\/wp-content\\\/uploads\\\/2015\\\/07\\\/roi-des-noix-logo-6.png\",\"width\":310,\"height\":290,\"caption\":\"Roi Des Noix\"},\"image\":{\"@id\":\"http:\\\/\\\/www.roidesnoix.com\\\/en\\\/#\\\/schema\\\/logo\\\/image\\\/\"}}]}<\/script>\n<!-- \/ Yoast SEO plugin. -->","yoast_head_json":{"title":"Notre Magasin","description":"Notre magasin est situ\u00e9 au 9050 rue Charles de la Tour, \u00e0 Montr\u00e9al, Nous nous sommes assur\u00e9s d\u2019avoir un stationnement sur le c\u00f4t\u00e9 \u00e0 la disposition de nos","robots":{"index":"index","follow":"follow","max-snippet":"max-snippet:-1","max-image-preview":"max-image-preview:large","max-video-preview":"max-video-preview:-1"},"canonical":"https:\/\/www.roidesnoix.com\/fr\/notre-magasin\/","og_locale":"fr_FR","og_type":"article","og_title":"Notre Magasin","og_description":"Notre magasin est situ\u00e9 au 9050 rue Charles de la Tour, \u00e0 Montr\u00e9al, Nous nous sommes assur\u00e9s d\u2019avoir un stationnement sur le c\u00f4t\u00e9 \u00e0 la disposition de nos","og_url":"https:\/\/www.roidesnoix.com\/fr\/notre-magasin\/","og_site_name":"Roi des Noix | Fresh Healthy Nuts","article_modified_time":"2016-11-09T23:07:49+00:00","twitter_card":"summary_large_image","twitter_misc":{"Dur\u00e9e de lecture estim\u00e9e":"8 minutes"},"schema":{"@context":"https:\/\/schema.org","@graph":[{"@type":"WebPage","@id":"https:\/\/www.roidesnoix.com\/fr\/notre-magasin\/","url":"https:\/\/www.roidesnoix.com\/fr\/notre-magasin\/","name":"Notre Magasin","isPartOf":{"@id":"http:\/\/www.roidesnoix.com\/en\/#website"},"datePublished":"2016-10-13T16:52:22+00:00","dateModified":"2016-11-09T23:07:49+00:00","description":"Notre magasin est situ\u00e9 au 9050 rue Charles de la Tour, \u00e0 Montr\u00e9al, Nous nous sommes assur\u00e9s d\u2019avoir un stationnement sur le c\u00f4t\u00e9 \u00e0 la disposition de nos","breadcrumb":{"@id":"https:\/\/www.roidesnoix.com\/fr\/notre-magasin\/#breadcrumb"},"inLanguage":"fr-FR","potentialAction":[{"@type":"ReadAction","target":["https:\/\/www.roidesnoix.com\/fr\/notre-magasin\/"]}]},{"@type":"BreadcrumbList","@id":"https:\/\/www.roidesnoix.com\/fr\/notre-magasin\/#breadcrumb","itemListElement":[{"@type":"ListItem","position":1,"name":"Home","item":"http:\/\/www.roidesnoix.com\/fr\/"},{"@type":"ListItem","position":2,"name":"Notre Magasin"}]},{"@type":"WebSite","@id":"http:\/\/www.roidesnoix.com\/en\/#website","url":"http:\/\/www.roidesnoix.com\/en\/","name":"Roi des Noix | Fresh Healthy Nuts","description":"Montreal&#039;s Premium Roasting Factory","publisher":{"@id":"http:\/\/www.roidesnoix.com\/en\/#organization"},"potentialAction":[{"@type":"SearchAction","target":{"@type":"EntryPoint","urlTemplate":"http:\/\/www.roidesnoix.com\/en\/?s={search_term_string}"},"query-input":{"@type":"PropertyValueSpecification","valueRequired":true,"valueName":"search_term_string"}}],"inLanguage":"fr-FR"},{"@type":"Organization","@id":"http:\/\/www.roidesnoix.com\/en\/#organization","name":"Roi Des Noix","url":"http:\/\/www.roidesnoix.com\/en\/","logo":{"@type":"ImageObject","inLanguage":"fr-FR","@id":"http:\/\/www.roidesnoix.com\/en\/#\/schema\/logo\/image\/","url":"https:\/\/www.roidesnoix.com\/wp-content\/uploads\/2015\/07\/roi-des-noix-logo-6.png","contentUrl":"https:\/\/www.roidesnoix.com\/wp-content\/uploads\/2015\/07\/roi-des-noix-logo-6.png","width":310,"height":290,"caption":"Roi Des Noix"},"image":{"@id":"http:\/\/www.roidesnoix.com\/en\/#\/schema\/logo\/image\/"}}]}},"_links":{"self":[{"href":"https:\/\/www.roidesnoix.com\/fr\/wp-json\/wp\/v2\/pages\/2206","targetHints":{"allow":["GET"]}}],"collection":[{"href":"https:\/\/www.roidesnoix.com\/fr\/wp-json\/wp\/v2\/pages"}],"about":[{"href":"https:\/\/www.roidesnoix.com\/fr\/wp-json\/wp\/v2\/types\/page"}],"author":[{"embeddable":true,"href":"https:\/\/www.roidesnoix.com\/fr\/wp-json\/wp\/v2\/users\/1"}],"replies":[{"embeddable":true,"href":"https:\/\/www.roidesnoix.com\/fr\/wp-json\/wp\/v2\/comments?post=2206"}],"version-history":[{"count":9,"href":"https:\/\/www.roidesnoix.com\/fr\/wp-json\/wp\/v2\/pages\/2206\/revisions"}],"predecessor-version":[{"id":2258,"href":"https:\/\/www.roidesnoix.com\/fr\/wp-json\/wp\/v2\/pages\/2206\/revisions\/2258"}],"wp:attachment":[{"href":"https:\/\/www.roidesnoix.com\/fr\/wp-json\/wp\/v2\/media?parent=2206"}],"curies":[{"name":"wp","href":"https:\/\/api.w.org\/{rel}","templated":true}]}}