{"id":2158,"date":"2016-10-11T21:53:54","date_gmt":"2016-10-11T21:53:54","guid":{"rendered":"http:\/\/www.roidesnoix.com\/?page_id=2158&#038;lang=fr"},"modified":"2016-12-13T16:58:00","modified_gmt":"2016-12-13T16:58:00","slug":"a-propos","status":"publish","type":"page","link":"https:\/\/www.roidesnoix.com\/fr\/a-propos\/","title":{"rendered":"\u00c0 propos"},"content":{"rendered":"<div class=\"wpb-content-wrapper\"><p>[vc_row type=\u00a0\u00bbvc_default\u00a0\u00bb css=\u00a0\u00bb.vc_custom_1474511205246{margin-top: -50px !important;margin-bottom: -40px !important;padding-top: 45px !important;}\u00a0\u00bb][vc_column width=\u00a0\u00bb1\/2&Prime; css=\u00a0\u00bb.vc_custom_1469281915280{padding-bottom: 60px !important;}\u00a0\u00bb]<div id=\"ultimate-heading-1769ef437eda1e4\" class=\"uvc-heading ult-adjust-bottom-margin ultimate-heading-1769ef437eda1e4 uvc-9003 \" data-hspacer=\"no_spacer\"  data-halign=\"left\" style=\"text-align:left\"><div class=\"uvc-heading-spacer no_spacer\" style=\"top\"><\/div><div class=\"uvc-main-heading ult-responsive\"  data-ultimate-target='.uvc-heading.ultimate-heading-1769ef437eda1e4 h2'  data-responsive-json-new='{\"font-size\":\"desktop:40px;\",\"line-height\":\"desktop:45px;\"}' ><h2 style=\"font-family:&#039;Great Vibes&#039;;--font-weight:theme;color:#c5ab6b;\">Notre<\/h2><\/div><div class=\"uvc-sub-heading ult-responsive\"  data-ultimate-target='.uvc-heading.ultimate-heading-1769ef437eda1e4 .uvc-sub-heading '  data-responsive-json-new='{\"font-size\":\"desktop:35px;\",\"line-height\":\"desktop:40px;\"}'  style=\"font-family:&#039;Poppins&#039;;font-weight:normal;color:#303030;margin-bottom:20px;\">PHILOSOPHIE<\/div><\/div>[vc_column_text]<\/p>\n<p style=\"text-align: justify;\">\u00c0 Roi des Noix, nous croyons en l\u2019importance de fournir les produits les plus frais \u00e0 nos clients. Nous savons que nos clients sont satisfaits de nos produits puisque nous n\u2019offrons que les meilleures et les plus fra\u00eeches noix de qualit\u00e9 \u00e0 tous les jours.<\/p>\n<p>[\/vc_column_text][\/vc_column][vc_column width=\u00a0\u00bb1\/2&Prime; css=\u00a0\u00bb.vc_custom_1469281920193{padding-bottom: 60px !important;}\u00a0\u00bb]<div id=\"ultimate-heading-891869ef437eda2f9\" class=\"uvc-heading ult-adjust-bottom-margin ultimate-heading-891869ef437eda2f9 uvc-9034 \" data-hspacer=\"no_spacer\"  data-halign=\"left\" style=\"text-align:left\"><div class=\"uvc-heading-spacer no_spacer\" style=\"top\"><\/div><div class=\"uvc-main-heading ult-responsive\"  data-ultimate-target='.uvc-heading.ultimate-heading-891869ef437eda2f9 h2'  data-responsive-json-new='{\"font-size\":\"desktop:40px;\",\"line-height\":\"desktop:45px;\"}' ><h2 style=\"font-family:&#039;Great Vibes&#039;;--font-weight:theme;color:#c5ab6b;\">Notre<\/h2><\/div><div class=\"uvc-sub-heading ult-responsive\"  data-ultimate-target='.uvc-heading.ultimate-heading-891869ef437eda2f9 .uvc-sub-heading '  data-responsive-json-new='{\"font-size\":\"desktop:35px;\",\"line-height\":\"desktop:40px;\"}'  style=\"font-family:&#039;Poppins&#039;;font-weight:normal;color:#303030;margin-bottom:20px;\">MISSION<\/div><\/div>[vc_column_text]<\/p>\n<p style=\"text-align: justify;\">Notre mission est simplement d\u2019\u00eatre la meilleure usine de torr\u00e9faction de noix de qualit\u00e9 \u00e0 Montr\u00e9al. Afin que nous puissions r\u00e9aliser ceci, nous devons nous assurer que notre client\u00e8le obtienne la meilleure qualit\u00e9 dans chaque noix.<\/p>\n<p>[\/vc_column_text][\/vc_column][\/vc_row][vc_row type=\u00a0\u00bbvc_default\u00a0\u00bb bg_type=\u00a0\u00bbimage\u00a0\u00bb bg_override=\u00a0\u00bbex-full\u00a0\u00bb css=\u00a0\u00bb.vc_custom_1481237667398{padding-top: 90px !important;padding-bottom: 90px !important;background-image: url(http:\/\/www.roidesnoix.com\/wp-content\/uploads\/2016\/07\/different-mixed-nuts-roi-des-noix.jpg?id=1661) !important;background-position: center !important;background-repeat: no-repeat !important;background-size: cover !important;}\u00a0\u00bb][vc_column width=\u00a0\u00bb1\/2&Prime; offset=\u00a0\u00bbvc_hidden-xs\u00a0\u00bb css=\u00a0\u00bb.vc_custom_1475693827430{padding-bottom: 22px !important;background-color: #ffffff !important;}\u00a0\u00bb]<div class=\"ult-spacer spacer-69ef437eda390\" data-id=\"69ef437eda390\" data-height=\"40\" data-height-mobile=\"40\" data-height-tab=\"40\" data-height-tab-portrait=\"\" data-height-mobile-landscape=\"\" style=\"clear:both;display:block;\"><\/div>[vc_single_image image=\u00a0\u00bb2022&Prime; img_size=\u00a0\u00bblarge\u00a0\u00bb add_caption=\u00a0\u00bbyes\u00a0\u00bb css=\u00a0\u00bb.vc_custom_1481238136331{padding-bottom: 260px !important;padding-left: 65px !important;}\u00a0\u00bb][\/vc_column][vc_column width=\u00a0\u00bb1\/2&Prime; css=\u00a0\u00bb.vc_custom_1475694110316{padding-right: 20px !important;background-color: #ffffff !important;}\u00a0\u00bb]<div id=\"ultimate-heading-601469ef437eda3fe\" class=\"uvc-heading ult-adjust-bottom-margin ultimate-heading-601469ef437eda3fe uvc-3563 \" data-hspacer=\"no_spacer\"  data-halign=\"left\" style=\"text-align:left\"><div class=\"uvc-heading-spacer no_spacer\" style=\"top\"><\/div><div class=\"uvc-main-heading ult-responsive\"  data-ultimate-target='.uvc-heading.ultimate-heading-601469ef437eda3fe h2'  data-responsive-json-new='{\"font-size\":\"desktop:40px;\",\"line-height\":\"desktop:45px;\"}' ><h2 style=\"font-family:&#039;Great Vibes&#039;;--font-weight:theme;color:#c5ab6b;\">D\u00e9couvrez<\/h2><\/div><div class=\"uvc-sub-heading ult-responsive\"  data-ultimate-target='.uvc-heading.ultimate-heading-601469ef437eda3fe .uvc-sub-heading '  data-responsive-json-new='{\"font-size\":\"desktop:35px;\",\"line-height\":\"desktop:40px;\"}'  style=\"font-family:&#039;Poppins&#039;;font-weight:normal;color:#303030;margin-bottom:20px;\">NOTRE HISTOIRE<\/div><\/div>[vc_column_text]<\/p>\n<p style=\"text-align: justify;\">Chez Roi des Noix, nous voulons que nos clients se sentent comme chez eux. C\u2019est la raison derri\u00e8re le concept du libre-service que l\u2019on retrouve dans notre boutique. Notre magasin est d\u2019ailleurs l\u2019un des seuls endroits \u00e0 Montr\u00e9al qui offre ce service. Nous voulons que nos clients vivent une exp\u00e9rience unique.<\/p>\n<p>D\u00e8s un jeune \u00e2ge, mon p\u00e8re m\u2019amenait avec lui au travail les samedis. Je travaillais \u00e9galement avec lui lors de mes vacances d\u2019\u00e9t\u00e9. \u00c0 ce moment-l\u00e0, je ne comprenais pas la logique derri\u00e8re cela, car tout ce que je voulais faire \u00e9tait de jouer au basketball avec mes amis et mes cousins. Par contre, l\u2019exp\u00e9rience que j\u2019ai acquise en observant mon p\u00e8re travailler m\u2019a beaucoup aid\u00e9 dans mes d\u00e9marches professionnelles, quelque chose qu\u2019un dipl\u00f4me universitaire ne pouvait pas m\u2019offrir. Un autre \u00e9l\u00e9ment qui a appuy\u00e9 mon projet d\u2019entreprise est le fait d\u2019\u00eatre n\u00e9 au sein d\u2019une famille qui appr\u00e9cie la nourriture et qui a plusieurs entreprises dans l\u2019industrie alimentaire. Tous ses facteurs m\u2019ont ainsi pouss\u00e9 \u00e0 cr\u00e9er Roi des Noix.<\/p>\n<p style=\"text-align: justify;\">Chez Roi des Noix, l\u2019exp\u00e9rience commence au coin de la rue. L\u2019odeur de noix fra\u00eechement r\u00f4ties commencera \u00e0 exciter vos papilles gustatives. Par contre, ce n\u2019est qu\u2019une fois \u00e0 l\u2019int\u00e9rieur de la boutique que le r\u00e9gal d\u00e9bute. \u00c0 la vue des noix fra\u00eeches et color\u00e9es, vos sens s\u2019\u00e9veilleront et ce, \u00e0 un tel point que la tentation de go\u00fbter deviendra un besoin! Nous sommes pr\u00eats \u00e0 parier qu\u2019apr\u00e8s avoir go\u00fbt\u00e9 \u00e0 nos noix, vous voudrez alors que toute votre famille et vos amis vivent cette exp\u00e9rience. Voici notre objectif!<\/p>\n<p>[\/vc_column_text][\/vc_column][\/vc_row][vc_row type=\u00a0\u00bbvc_default\u00a0\u00bb full_width=\u00a0\u00bbstretch_row\u00a0\u00bb css=\u00a0\u00bb.vc_custom_1474844437305{margin-bottom: -50px !important;padding-top: 80px !important;padding-bottom: 50px !important;background-color: #131313 !important;}\u00a0\u00bb][vc_column offset=\u00a0\u00bbvc_col-lg-offset-1 vc_col-lg-10 vc_col-md-offset-1 vc_col-md-10 vc_col-sm-offset-0&Prime; css=\u00a0\u00bb.vc_custom_1461332951646{padding-top: 10px !important;padding-bottom: 25px !important;}\u00a0\u00bb][vc_row_inner][vc_column_inner width=\u00a0\u00bb1\/3&Prime; css=\u00a0\u00bb.vc_custom_1461332837092{padding-bottom: 40px !important;}\u00a0\u00bb]<div id=\"ultimate-heading-969569ef437eda4e2\" class=\"uvc-heading ult-adjust-bottom-margin ultimate-heading-969569ef437eda4e2 uvc-2552 \" data-hspacer=\"no_spacer\"  data-halign=\"center\" style=\"text-align:center\"><div class=\"uvc-heading-spacer no_spacer\" style=\"top\"><\/div><div class=\"uvc-sub-heading ult-responsive\"  data-ultimate-target='.uvc-heading.ultimate-heading-969569ef437eda4e2 .uvc-sub-heading '  data-responsive-json-new='{\"font-size\":\"desktop:15px;\",\"line-height\":\"desktop:22px;\"}'  style=\"font-family:&#039;Poppins&#039;;font-weight:normal;font-style:normal;color:#a0a0a0;\"><\/p>\n<p style=\"text-align: center;\">9050 Rue Charles de la Tour, Montr\u00e9al, QC H4N 1M2<\/p>\n<p><\/div><\/div>[\/vc_column_inner][vc_column_inner width=\u00a0\u00bb1\/3&Prime; css=\u00a0\u00bb.vc_custom_1461332842664{padding-bottom: 40px !important;}\u00a0\u00bb]<div id=\"ultimate-heading-305469ef437eda56f\" class=\"uvc-heading ult-adjust-bottom-margin ultimate-heading-305469ef437eda56f uvc-744 \" data-hspacer=\"no_spacer\"  data-halign=\"center\" style=\"text-align:center\"><div class=\"uvc-heading-spacer no_spacer\" style=\"top\"><\/div><div class=\"uvc-sub-heading ult-responsive\"  data-ultimate-target='.uvc-heading.ultimate-heading-305469ef437eda56f .uvc-sub-heading '  data-responsive-json-new='{\"font-size\":\"desktop:15px;\",\"line-height\":\"desktop:22px;\"}'  style=\"font-family:&#039;Poppins&#039;;font-weight:normal;font-style:normal;color:#a0a0a0;\"><\/p>\n<p style=\"text-align: center;\">Lun-Mer: 9:00 AM &#8211; 6:00 PM<\/p>\n<p style=\"text-align: center;\">Jeu-Ven: 9:00 AM &#8211; 9:00 PM<\/p>\n<p style=\"text-align: center;\">Samedi: 9:00 AM &#8211; 5:30 PM<\/p>\n<p style=\"text-align: center;\">Dimanche: 10:30 AM &#8211; 5:00 PM<\/p>\n<p><\/div><\/div>[\/vc_column_inner][vc_column_inner width=\u00a0\u00bb1\/3&Prime; css=\u00a0\u00bb.vc_custom_1461332847822{padding-bottom: 40px !important;}\u00a0\u00bb]<div id=\"ultimate-heading-687969ef437eda5f5\" class=\"uvc-heading ult-adjust-bottom-margin ultimate-heading-687969ef437eda5f5 uvc-8207 \" data-hspacer=\"no_spacer\"  data-halign=\"center\" style=\"text-align:center\"><div class=\"uvc-heading-spacer no_spacer\" style=\"top\"><\/div><div class=\"uvc-sub-heading ult-responsive\"  data-ultimate-target='.uvc-heading.ultimate-heading-687969ef437eda5f5 .uvc-sub-heading '  data-responsive-json-new='{\"font-size\":\"desktop:15px;\",\"line-height\":\"desktop:22px;\"}'  style=\"font-family:&#039;Poppins&#039;;font-weight:normal;font-style:normal;color:#a0a0a0;\"><\/p>\n<p style=\"text-align: center;\">Num\u00e9ro\u00a0de\u00a0t\u00e9l\u00e9phone:<\/p>\n<p style=\"text-align: center;\">(514)\u00a0388 &#8211; 0066<\/p>\n<p><\/div><\/div>[\/vc_column_inner][\/vc_row_inner][\/vc_column][vc_column css=\u00a0\u00bb.vc_custom_1474844510994{padding-bottom: 0px !important;}\u00a0\u00bb]<div class=\" uavc-icons-center uavc-icons \">\n<a class=\"aio-tooltip 69ef437eda7fe\" href=\"https:\/\/m.facebook.com\/roidesnoix\"  data-toggle=\"tooltip\" data-placement=\"\" title=\"\"><div class=\"aio-icon circle \" data-animation=\"\" data-animation-delay=\"03\" style=\"color:#131313;background:#f7f7f7;font-size:18px;margin-right:5px;\">\n\t<i class=\"Defaults-facebook facebook-f\"><\/i>\n<\/div><\/a>\n<a class=\"aio-tooltip 69ef437eda857\" href=\"https:\/\/plus.google.com\/+Roidesnoixpremiumnuts\"  data-toggle=\"tooltip\" data-placement=\"\" title=\"\"><div class=\"aio-icon circle \" data-animation=\"\" data-animation-delay=\"03\" style=\"color:#131313;background:#f7f7f7;font-size:18px;margin-right:5px;\">\n\t<i class=\"Defaults-google-plus\"><\/i>\n<\/div><\/a>\n<a class=\"aio-tooltip 69ef437eda8ae\" href=\"https:\/\/www.instagram.com\/roidesnoix\"  data-toggle=\"tooltip\" data-placement=\"\" title=\"\"><div class=\"aio-icon circle \" data-animation=\"\" data-animation-delay=\"03\" style=\"color:#131313;background:#f7f7f7;font-size:18px;margin-right:5px;\">\n\t<i class=\"Defaults-instagram\"><\/i>\n<\/div><\/a><\/div>[\/vc_column][vc_column css=\u00a0\u00bb.vc_custom_1474844572335{padding-top: 10px !important;padding-bottom: 0px !important;}\u00a0\u00bb]<div id=\"ultimate-heading-713069ef437eda913\" class=\"uvc-heading ult-adjust-bottom-margin ultimate-heading-713069ef437eda913 uvc-97 \" data-hspacer=\"no_spacer\"  data-halign=\"center\" style=\"text-align:center\"><div class=\"uvc-heading-spacer no_spacer\" style=\"top\"><\/div><div class=\"uvc-sub-heading ult-responsive\"  data-ultimate-target='.uvc-heading.ultimate-heading-713069ef437eda913 .uvc-sub-heading '  data-responsive-json-new='{\"font-size\":\"desktop:15px;\",\"line-height\":\"desktop:22px;\"}'  style=\"font-family:&#039;Poppins&#039;;font-weight:normal;font-style:normal;color:#a0a0a0;\">Website Design &amp; Development By: www.skybluetheory.com \u00a92016 \u2013 All rights reserved.<\/div><\/div>[\/vc_column][\/vc_row]<\/p>\n<\/div>","protected":false},"excerpt":{"rendered":"<p>[vc_row type=\u00a0\u00bbvc_default\u00a0\u00bb css=\u00a0\u00bb.vc_custom_1474511205246{margin-top: -50px !important;margin-bottom: -40px !important;padding-top: 45px !important;}\u00a0\u00bb][vc_column width=\u00a0\u00bb1\/2&Prime; css=\u00a0\u00bb.vc_custom_1469281915280{padding-bottom: 60px !important;}\u00a0\u00bb][vc_column_text] \u00c0 Roi des Noix, nous croyons en l\u2019importance de fournir les produits les plus frais \u00e0 nos clients. Nous savons que nos clients sont satisfaits de nos produits puisque nous n\u2019offrons que les meilleures et les plus fra\u00eeches noix de qualit\u00e9 \u00e0&hellip;<\/p>\n","protected":false},"author":1,"featured_media":0,"parent":0,"menu_order":1,"comment_status":"closed","ping_status":"closed","template":"","meta":{"footnotes":""},"class_list":["post-2158","page","type-page","status-publish","hentry","description-off"],"yoast_head":"<!-- This site is optimized with the Yoast SEO plugin v27.4 - https:\/\/yoast.com\/product\/yoast-seo-wordpress\/ -->\n<title>\u00c0 propos<\/title>\n<meta name=\"description\" content=\"\u00c0 Roi des Noix, nous croyons en l\u2019importance de fournir les produits les plus frais \u00e0 nos clients. Nous savons que nos clients sont satisfaits de nos\" \/>\n<meta name=\"robots\" content=\"index, follow, max-snippet:-1, max-image-preview:large, max-video-preview:-1\" \/>\n<link rel=\"canonical\" href=\"https:\/\/www.roidesnoix.com\/fr\/a-propos\/\" \/>\n<meta property=\"og:locale\" content=\"fr_FR\" \/>\n<meta property=\"og:type\" content=\"article\" \/>\n<meta property=\"og:title\" content=\"\u00c0 propos\" \/>\n<meta property=\"og:description\" content=\"\u00c0 Roi des Noix, nous croyons en l\u2019importance de fournir les produits les plus frais \u00e0 nos clients. Nous savons que nos clients sont satisfaits de nos\" \/>\n<meta property=\"og:url\" content=\"https:\/\/www.roidesnoix.com\/fr\/a-propos\/\" \/>\n<meta property=\"og:site_name\" content=\"Roi des Noix | Fresh Healthy Nuts\" \/>\n<meta property=\"article:modified_time\" content=\"2016-12-13T16:58:00+00:00\" \/>\n<meta name=\"twitter:card\" content=\"summary_large_image\" \/>\n<meta name=\"twitter:label1\" content=\"Dur\u00e9e de lecture estim\u00e9e\" \/>\n\t<meta name=\"twitter:data1\" content=\"6 minutes\" \/>\n<script type=\"application\/ld+json\" class=\"yoast-schema-graph\">{\"@context\":\"https:\\\/\\\/schema.org\",\"@graph\":[{\"@type\":\"WebPage\",\"@id\":\"https:\\\/\\\/www.roidesnoix.com\\\/fr\\\/a-propos\\\/\",\"url\":\"https:\\\/\\\/www.roidesnoix.com\\\/fr\\\/a-propos\\\/\",\"name\":\"\u00c0 propos\",\"isPartOf\":{\"@id\":\"http:\\\/\\\/www.roidesnoix.com\\\/en\\\/#website\"},\"datePublished\":\"2016-10-11T21:53:54+00:00\",\"dateModified\":\"2016-12-13T16:58:00+00:00\",\"description\":\"\u00c0 Roi des Noix, nous croyons en l\u2019importance de fournir les produits les plus frais \u00e0 nos clients. Nous savons que nos clients sont satisfaits de nos\",\"breadcrumb\":{\"@id\":\"https:\\\/\\\/www.roidesnoix.com\\\/fr\\\/a-propos\\\/#breadcrumb\"},\"inLanguage\":\"fr-FR\",\"potentialAction\":[{\"@type\":\"ReadAction\",\"target\":[\"https:\\\/\\\/www.roidesnoix.com\\\/fr\\\/a-propos\\\/\"]}]},{\"@type\":\"BreadcrumbList\",\"@id\":\"https:\\\/\\\/www.roidesnoix.com\\\/fr\\\/a-propos\\\/#breadcrumb\",\"itemListElement\":[{\"@type\":\"ListItem\",\"position\":1,\"name\":\"Home\",\"item\":\"http:\\\/\\\/www.roidesnoix.com\\\/fr\\\/\"},{\"@type\":\"ListItem\",\"position\":2,\"name\":\"\u00c0 propos\"}]},{\"@type\":\"WebSite\",\"@id\":\"http:\\\/\\\/www.roidesnoix.com\\\/en\\\/#website\",\"url\":\"http:\\\/\\\/www.roidesnoix.com\\\/en\\\/\",\"name\":\"Roi des Noix | Fresh Healthy Nuts\",\"description\":\"Montreal&#039;s Premium Roasting Factory\",\"publisher\":{\"@id\":\"http:\\\/\\\/www.roidesnoix.com\\\/en\\\/#organization\"},\"potentialAction\":[{\"@type\":\"SearchAction\",\"target\":{\"@type\":\"EntryPoint\",\"urlTemplate\":\"http:\\\/\\\/www.roidesnoix.com\\\/en\\\/?s={search_term_string}\"},\"query-input\":{\"@type\":\"PropertyValueSpecification\",\"valueRequired\":true,\"valueName\":\"search_term_string\"}}],\"inLanguage\":\"fr-FR\"},{\"@type\":\"Organization\",\"@id\":\"http:\\\/\\\/www.roidesnoix.com\\\/en\\\/#organization\",\"name\":\"Roi Des Noix\",\"url\":\"http:\\\/\\\/www.roidesnoix.com\\\/en\\\/\",\"logo\":{\"@type\":\"ImageObject\",\"inLanguage\":\"fr-FR\",\"@id\":\"http:\\\/\\\/www.roidesnoix.com\\\/en\\\/#\\\/schema\\\/logo\\\/image\\\/\",\"url\":\"https:\\\/\\\/www.roidesnoix.com\\\/wp-content\\\/uploads\\\/2015\\\/07\\\/roi-des-noix-logo-6.png\",\"contentUrl\":\"https:\\\/\\\/www.roidesnoix.com\\\/wp-content\\\/uploads\\\/2015\\\/07\\\/roi-des-noix-logo-6.png\",\"width\":310,\"height\":290,\"caption\":\"Roi Des Noix\"},\"image\":{\"@id\":\"http:\\\/\\\/www.roidesnoix.com\\\/en\\\/#\\\/schema\\\/logo\\\/image\\\/\"}}]}<\/script>\n<!-- \/ Yoast SEO plugin. -->","yoast_head_json":{"title":"\u00c0 propos","description":"\u00c0 Roi des Noix, nous croyons en l\u2019importance de fournir les produits les plus frais \u00e0 nos clients. Nous savons que nos clients sont satisfaits de nos","robots":{"index":"index","follow":"follow","max-snippet":"max-snippet:-1","max-image-preview":"max-image-preview:large","max-video-preview":"max-video-preview:-1"},"canonical":"https:\/\/www.roidesnoix.com\/fr\/a-propos\/","og_locale":"fr_FR","og_type":"article","og_title":"\u00c0 propos","og_description":"\u00c0 Roi des Noix, nous croyons en l\u2019importance de fournir les produits les plus frais \u00e0 nos clients. Nous savons que nos clients sont satisfaits de nos","og_url":"https:\/\/www.roidesnoix.com\/fr\/a-propos\/","og_site_name":"Roi des Noix | Fresh Healthy Nuts","article_modified_time":"2016-12-13T16:58:00+00:00","twitter_card":"summary_large_image","twitter_misc":{"Dur\u00e9e de lecture estim\u00e9e":"6 minutes"},"schema":{"@context":"https:\/\/schema.org","@graph":[{"@type":"WebPage","@id":"https:\/\/www.roidesnoix.com\/fr\/a-propos\/","url":"https:\/\/www.roidesnoix.com\/fr\/a-propos\/","name":"\u00c0 propos","isPartOf":{"@id":"http:\/\/www.roidesnoix.com\/en\/#website"},"datePublished":"2016-10-11T21:53:54+00:00","dateModified":"2016-12-13T16:58:00+00:00","description":"\u00c0 Roi des Noix, nous croyons en l\u2019importance de fournir les produits les plus frais \u00e0 nos clients. Nous savons que nos clients sont satisfaits de nos","breadcrumb":{"@id":"https:\/\/www.roidesnoix.com\/fr\/a-propos\/#breadcrumb"},"inLanguage":"fr-FR","potentialAction":[{"@type":"ReadAction","target":["https:\/\/www.roidesnoix.com\/fr\/a-propos\/"]}]},{"@type":"BreadcrumbList","@id":"https:\/\/www.roidesnoix.com\/fr\/a-propos\/#breadcrumb","itemListElement":[{"@type":"ListItem","position":1,"name":"Home","item":"http:\/\/www.roidesnoix.com\/fr\/"},{"@type":"ListItem","position":2,"name":"\u00c0 propos"}]},{"@type":"WebSite","@id":"http:\/\/www.roidesnoix.com\/en\/#website","url":"http:\/\/www.roidesnoix.com\/en\/","name":"Roi des Noix | Fresh Healthy Nuts","description":"Montreal&#039;s Premium Roasting Factory","publisher":{"@id":"http:\/\/www.roidesnoix.com\/en\/#organization"},"potentialAction":[{"@type":"SearchAction","target":{"@type":"EntryPoint","urlTemplate":"http:\/\/www.roidesnoix.com\/en\/?s={search_term_string}"},"query-input":{"@type":"PropertyValueSpecification","valueRequired":true,"valueName":"search_term_string"}}],"inLanguage":"fr-FR"},{"@type":"Organization","@id":"http:\/\/www.roidesnoix.com\/en\/#organization","name":"Roi Des Noix","url":"http:\/\/www.roidesnoix.com\/en\/","logo":{"@type":"ImageObject","inLanguage":"fr-FR","@id":"http:\/\/www.roidesnoix.com\/en\/#\/schema\/logo\/image\/","url":"https:\/\/www.roidesnoix.com\/wp-content\/uploads\/2015\/07\/roi-des-noix-logo-6.png","contentUrl":"https:\/\/www.roidesnoix.com\/wp-content\/uploads\/2015\/07\/roi-des-noix-logo-6.png","width":310,"height":290,"caption":"Roi Des Noix"},"image":{"@id":"http:\/\/www.roidesnoix.com\/en\/#\/schema\/logo\/image\/"}}]}},"_links":{"self":[{"href":"https:\/\/www.roidesnoix.com\/fr\/wp-json\/wp\/v2\/pages\/2158","targetHints":{"allow":["GET"]}}],"collection":[{"href":"https:\/\/www.roidesnoix.com\/fr\/wp-json\/wp\/v2\/pages"}],"about":[{"href":"https:\/\/www.roidesnoix.com\/fr\/wp-json\/wp\/v2\/types\/page"}],"author":[{"embeddable":true,"href":"https:\/\/www.roidesnoix.com\/fr\/wp-json\/wp\/v2\/users\/1"}],"replies":[{"embeddable":true,"href":"https:\/\/www.roidesnoix.com\/fr\/wp-json\/wp\/v2\/comments?post=2158"}],"version-history":[{"count":13,"href":"https:\/\/www.roidesnoix.com\/fr\/wp-json\/wp\/v2\/pages\/2158\/revisions"}],"predecessor-version":[{"id":2369,"href":"https:\/\/www.roidesnoix.com\/fr\/wp-json\/wp\/v2\/pages\/2158\/revisions\/2369"}],"wp:attachment":[{"href":"https:\/\/www.roidesnoix.com\/fr\/wp-json\/wp\/v2\/media?parent=2158"}],"curies":[{"name":"wp","href":"https:\/\/api.w.org\/{rel}","templated":true}]}}